{"id":671,"date":"2020-05-20T14:05:37","date_gmt":"2020-05-20T12:05:37","guid":{"rendered":"https:\/\/vaisonsport.com\/?page_id=671"},"modified":"2020-06-10T13:21:27","modified_gmt":"2020-06-10T11:21:27","slug":"can-am","status":"publish","type":"page","link":"https:\/\/vaisonsport.com\/en\/reservoir\/can-am\/","title":{"rendered":"CAN-AM"},"content":{"rendered":"<div data-elementor-type=\"wp-page\" data-elementor-id=\"671\" class=\"elementor elementor-671\">\n\t\t\t\t\t\t<section class=\"elementor-section elementor-top-section elementor-element elementor-element-86b453e elementor-section-boxed elementor-section-height-default elementor-section-height-default\" data-id=\"86b453e\" data-element_type=\"section\" data-e-type=\"section\" data-settings=\"{&quot;background_background&quot;:&quot;classic&quot;}\">\n\t\t\t\t\t\t<div class=\"elementor-container elementor-column-gap-default\">\n\t\t\t\t\t<div class=\"elementor-column elementor-col-100 elementor-top-column elementor-element elementor-element-4c9573d\" data-id=\"4c9573d\" data-element_type=\"column\" data-e-type=\"column\">\n\t\t\t<div class=\"elementor-widget-wrap elementor-element-populated\">\n\t\t\t\t\t\t<div class=\"elementor-element elementor-element-c70fac1 elementor-widget elementor-widget-spacer\" data-id=\"c70fac1\" data-element_type=\"widget\" data-e-type=\"widget\" data-widget_type=\"spacer.default\">\n\t\t\t\t<div class=\"elementor-widget-container\">\n\t\t\t\t\t\t\t<div class=\"elementor-spacer\">\n\t\t\t<div class=\"elementor-spacer-inner\"><\/div>\n\t\t<\/div>\n\t\t\t\t\t\t<\/div>\n\t\t\t\t<\/div>\n\t\t\t\t\t<\/div>\n\t\t<\/div>\n\t\t\t\t\t<\/div>\n\t\t<\/section>\n\t\t\t\t<section class=\"elementor-section elementor-top-section elementor-element elementor-element-624f64a elementor-section-boxed elementor-section-height-default elementor-section-height-default\" data-id=\"624f64a\" data-element_type=\"section\" data-e-type=\"section\">\n\t\t\t\t\t\t<div class=\"elementor-container elementor-column-gap-default\">\n\t\t\t\t\t<div class=\"elementor-column elementor-col-100 elementor-top-column elementor-element elementor-element-53c4115\" data-id=\"53c4115\" data-element_type=\"column\" data-e-type=\"column\">\n\t\t\t<div class=\"elementor-widget-wrap elementor-element-populated\">\n\t\t\t\t\t\t<div class=\"elementor-element elementor-element-fbc987d elementor-widget elementor-widget-spacer\" data-id=\"fbc987d\" data-element_type=\"widget\" data-e-type=\"widget\" data-widget_type=\"spacer.default\">\n\t\t\t\t<div class=\"elementor-widget-container\">\n\t\t\t\t\t\t\t<div class=\"elementor-spacer\">\n\t\t\t<div class=\"elementor-spacer-inner\"><\/div>\n\t\t<\/div>\n\t\t\t\t\t\t<\/div>\n\t\t\t\t<\/div>\n\t\t\t\t<div class=\"elementor-element elementor-element-211fa02 elementor-widget elementor-widget-heading\" data-id=\"211fa02\" data-element_type=\"widget\" data-e-type=\"widget\" data-widget_type=\"heading.default\">\n\t\t\t\t<div class=\"elementor-widget-container\">\n\t\t\t\t\t<h2 class=\"elementor-heading-title elementor-size-default\">Can-Am X3 Maverick<\/h2>\t\t\t\t<\/div>\n\t\t\t\t<\/div>\n\t\t\t\t<div class=\"elementor-element elementor-element-a802d50 elementor-widget elementor-widget-spacer\" data-id=\"a802d50\" data-element_type=\"widget\" data-e-type=\"widget\" data-widget_type=\"spacer.default\">\n\t\t\t\t<div class=\"elementor-widget-container\">\n\t\t\t\t\t\t\t<div class=\"elementor-spacer\">\n\t\t\t<div class=\"elementor-spacer-inner\"><\/div>\n\t\t<\/div>\n\t\t\t\t\t\t<\/div>\n\t\t\t\t<\/div>\n\t\t\t\t\t<\/div>\n\t\t<\/div>\n\t\t\t\t\t<\/div>\n\t\t<\/section>\n\t\t\t\t<section class=\"elementor-section elementor-top-section elementor-element elementor-element-21ff995 elementor-section-boxed elementor-section-height-default elementor-section-height-default\" data-id=\"21ff995\" data-element_type=\"section\" data-e-type=\"section\">\n\t\t\t\t\t\t<div class=\"elementor-container elementor-column-gap-default\">\n\t\t\t\t\t<div class=\"elementor-column elementor-col-100 elementor-top-column elementor-element elementor-element-943290e\" data-id=\"943290e\" data-element_type=\"column\" data-e-type=\"column\">\n\t\t\t<div class=\"elementor-widget-wrap elementor-element-populated\">\n\t\t\t\t\t\t<div class=\"elementor-element elementor-element-8023886 elementor-position-top elementor-widget elementor-widget-image-box\" data-id=\"8023886\" data-element_type=\"widget\" data-e-type=\"widget\" data-widget_type=\"image-box.default\">\n\t\t\t\t<div class=\"elementor-widget-container\">\n\t\t\t\t\t<div class=\"elementor-image-box-wrapper\"><figure class=\"elementor-image-box-img\"><img fetchpriority=\"high\" decoding=\"async\" width=\"1008\" height=\"629\" src=\"https:\/\/vaisonsport.com\/wp-content\/uploads\/2020\/06\/canam-ph-reservoir.png\" class=\"attachment-full size-full wp-image-1170\" alt=\"\" srcset=\"https:\/\/vaisonsport.com\/wp-content\/uploads\/2020\/06\/canam-ph-reservoir.png 1008w, https:\/\/vaisonsport.com\/wp-content\/uploads\/2020\/06\/canam-ph-reservoir-300x187.png 300w, https:\/\/vaisonsport.com\/wp-content\/uploads\/2020\/06\/canam-ph-reservoir-768x479.png 768w\" sizes=\"(max-width: 1008px) 100vw, 1008px\" \/><\/figure><div class=\"elementor-image-box-content\"><h4 class=\"elementor-image-box-title\">Custom cell of 130 L<\/h4><p class=\"elementor-image-box-description\">5 mod\u00e8les de r\u00e9servoirs diff\u00e9rent pour Maverick , contactez-nous pour vous renvoyer vers nos clients.<\/p><\/div><\/div>\t\t\t\t<\/div>\n\t\t\t\t<\/div>\n\t\t\t\t\t<\/div>\n\t\t<\/div>\n\t\t\t\t\t<\/div>\n\t\t<\/section>\n\t\t\t\t<\/div>","protected":false},"excerpt":{"rendered":"<p>Can-Am X3 Maverick R\u00e9servoir sur mesure 130L 5 mod\u00e8les de r\u00e9servoirs diff\u00e9rent pour Maverick , contactez-nous pour vous renvoyer vers nos clients.<\/p>","protected":false},"author":1,"featured_media":0,"parent":352,"menu_order":0,"comment_status":"closed","ping_status":"closed","template":"page-templates\/pagebuilder.php","meta":{"zakra_page_container_layout":"stretched","zakra_page_sidebar_layout":"no_sidebar","zakra_remove_content_margin":false,"zakra_sidebar":"customizer","zakra_transparent_header":"customizer","zakra_logo":0,"zakra_main_header_style":"default","zakra_menu_item_color":"","zakra_menu_item_hover_color":"","zakra_menu_item_active_color":"","zakra_menu_active_style":"","zakra_page_header":true,"_monsterinsights_skip_tracking":false,"_monsterinsights_sitenote_active":false,"_monsterinsights_sitenote_note":"","_monsterinsights_sitenote_category":0,"footnotes":""},"class_list":["post-671","page","type-page","status-publish","hentry"],"yoast_head":"<!-- This site is optimized with the Yoast SEO plugin v27.2 - https:\/\/yoast.com\/product\/yoast-seo-wordpress\/ -->\n<title>CAN-AM - Vaison Sport<\/title>\n<meta name=\"robots\" content=\"index, follow, max-snippet:-1, max-image-preview:large, max-video-preview:-1\" \/>\n<link rel=\"canonical\" href=\"https:\/\/vaisonsport.com\/en\/reservoir\/can-am\/\" \/>\n<meta property=\"og:locale\" content=\"en_US\" \/>\n<meta property=\"og:type\" content=\"article\" \/>\n<meta property=\"og:title\" content=\"CAN-AM - Vaison Sport\" \/>\n<meta property=\"og:description\" content=\"Can-Am X3 Maverick R\u00e9servoir sur mesure 130L 5 mod\u00e8les de r\u00e9servoirs diff\u00e9rent pour Maverick , contactez-nous pour vous renvoyer vers nos clients.\" \/>\n<meta property=\"og:url\" content=\"https:\/\/vaisonsport.com\/en\/reservoir\/can-am\/\" \/>\n<meta property=\"og:site_name\" content=\"Vaison Sport\" \/>\n<meta property=\"article:publisher\" content=\"https:\/\/www.facebook.com\/VaisonSport\/\" \/>\n<meta property=\"article:modified_time\" content=\"2020-06-10T11:21:27+00:00\" \/>\n<meta property=\"og:image\" content=\"https:\/\/vaisonsport.com\/wp-content\/uploads\/2020\/06\/canam-ph-reservoir.png\" \/>\n<script type=\"application\/ld+json\" class=\"yoast-schema-graph\">{\"@context\":\"https:\/\/schema.org\",\"@graph\":[{\"@type\":\"WebPage\",\"@id\":\"https:\/\/vaisonsport.com\/reservoir\/can-am\/\",\"url\":\"https:\/\/vaisonsport.com\/reservoir\/can-am\/\",\"name\":\"CAN-AM - Vaison Sport\",\"isPartOf\":{\"@id\":\"https:\/\/vaisonsport.com\/#website\"},\"primaryImageOfPage\":{\"@id\":\"https:\/\/vaisonsport.com\/reservoir\/can-am\/#primaryimage\"},\"image\":{\"@id\":\"https:\/\/vaisonsport.com\/reservoir\/can-am\/#primaryimage\"},\"thumbnailUrl\":\"https:\/\/vaisonsport.com\/wp-content\/uploads\/2020\/06\/canam-ph-reservoir.png\",\"datePublished\":\"2020-05-20T12:05:37+00:00\",\"dateModified\":\"2020-06-10T11:21:27+00:00\",\"breadcrumb\":{\"@id\":\"https:\/\/vaisonsport.com\/reservoir\/can-am\/#breadcrumb\"},\"inLanguage\":\"en-US\",\"potentialAction\":[{\"@type\":\"ReadAction\",\"target\":[\"https:\/\/vaisonsport.com\/reservoir\/can-am\/\"]}]},{\"@type\":\"ImageObject\",\"inLanguage\":\"en-US\",\"@id\":\"https:\/\/vaisonsport.com\/reservoir\/can-am\/#primaryimage\",\"url\":\"https:\/\/vaisonsport.com\/wp-content\/uploads\/2020\/06\/canam-ph-reservoir.png\",\"contentUrl\":\"https:\/\/vaisonsport.com\/wp-content\/uploads\/2020\/06\/canam-ph-reservoir.png\"},{\"@type\":\"BreadcrumbList\",\"@id\":\"https:\/\/vaisonsport.com\/reservoir\/can-am\/#breadcrumb\",\"itemListElement\":[{\"@type\":\"ListItem\",\"position\":1,\"name\":\"Accueil\",\"item\":\"https:\/\/vaisonsport.com\/\"},{\"@type\":\"ListItem\",\"position\":2,\"name\":\"R\u00e9servoir\",\"item\":\"https:\/\/vaisonsport.com\/reservoir\/\"},{\"@type\":\"ListItem\",\"position\":3,\"name\":\"CAN-AM\"}]},{\"@type\":\"WebSite\",\"@id\":\"https:\/\/vaisonsport.com\/#website\",\"url\":\"https:\/\/vaisonsport.com\/\",\"name\":\"Vaison Sport\",\"description\":\"\",\"publisher\":{\"@id\":\"https:\/\/vaisonsport.com\/#organization\"},\"potentialAction\":[{\"@type\":\"SearchAction\",\"target\":{\"@type\":\"EntryPoint\",\"urlTemplate\":\"https:\/\/vaisonsport.com\/?s={search_term_string}\"},\"query-input\":{\"@type\":\"PropertyValueSpecification\",\"valueRequired\":true,\"valueName\":\"search_term_string\"}}],\"inLanguage\":\"en-US\"},{\"@type\":\"Organization\",\"@id\":\"https:\/\/vaisonsport.com\/#organization\",\"name\":\"Vaison Sport\",\"url\":\"https:\/\/vaisonsport.com\/\",\"logo\":{\"@type\":\"ImageObject\",\"inLanguage\":\"en-US\",\"@id\":\"https:\/\/vaisonsport.com\/#\/schema\/logo\/image\/\",\"url\":\"https:\/\/vaisonsport.com\/wp-content\/uploads\/2020\/06\/LOGO_VS_Normal_vectorized.png\",\"contentUrl\":\"https:\/\/vaisonsport.com\/wp-content\/uploads\/2020\/06\/LOGO_VS_Normal_vectorized.png\",\"width\":250,\"height\":94,\"caption\":\"Vaison Sport\"},\"image\":{\"@id\":\"https:\/\/vaisonsport.com\/#\/schema\/logo\/image\/\"},\"sameAs\":[\"https:\/\/www.facebook.com\/VaisonSport\/\",\"https:\/\/www.instagram.com\/vaison_sport\/\",\"https:\/\/fr.linkedin.com\/company\/vaisonsport\"]}]}<\/script>\n<!-- \/ Yoast SEO plugin. -->","yoast_head_json":{"title":"CAN-AM - Vaison Sport","robots":{"index":"index","follow":"follow","max-snippet":"max-snippet:-1","max-image-preview":"max-image-preview:large","max-video-preview":"max-video-preview:-1"},"canonical":"https:\/\/vaisonsport.com\/en\/reservoir\/can-am\/","og_locale":"en_US","og_type":"article","og_title":"CAN-AM - Vaison Sport","og_description":"Can-Am X3 Maverick R\u00e9servoir sur mesure 130L 5 mod\u00e8les de r\u00e9servoirs diff\u00e9rent pour Maverick , contactez-nous pour vous renvoyer vers nos clients.","og_url":"https:\/\/vaisonsport.com\/en\/reservoir\/can-am\/","og_site_name":"Vaison Sport","article_publisher":"https:\/\/www.facebook.com\/VaisonSport\/","article_modified_time":"2020-06-10T11:21:27+00:00","og_image":[{"url":"https:\/\/vaisonsport.com\/wp-content\/uploads\/2020\/06\/canam-ph-reservoir.png","type":"","width":"","height":""}],"schema":{"@context":"https:\/\/schema.org","@graph":[{"@type":"WebPage","@id":"https:\/\/vaisonsport.com\/reservoir\/can-am\/","url":"https:\/\/vaisonsport.com\/reservoir\/can-am\/","name":"CAN-AM - Vaison Sport","isPartOf":{"@id":"https:\/\/vaisonsport.com\/#website"},"primaryImageOfPage":{"@id":"https:\/\/vaisonsport.com\/reservoir\/can-am\/#primaryimage"},"image":{"@id":"https:\/\/vaisonsport.com\/reservoir\/can-am\/#primaryimage"},"thumbnailUrl":"https:\/\/vaisonsport.com\/wp-content\/uploads\/2020\/06\/canam-ph-reservoir.png","datePublished":"2020-05-20T12:05:37+00:00","dateModified":"2020-06-10T11:21:27+00:00","breadcrumb":{"@id":"https:\/\/vaisonsport.com\/reservoir\/can-am\/#breadcrumb"},"inLanguage":"en-US","potentialAction":[{"@type":"ReadAction","target":["https:\/\/vaisonsport.com\/reservoir\/can-am\/"]}]},{"@type":"ImageObject","inLanguage":"en-US","@id":"https:\/\/vaisonsport.com\/reservoir\/can-am\/#primaryimage","url":"https:\/\/vaisonsport.com\/wp-content\/uploads\/2020\/06\/canam-ph-reservoir.png","contentUrl":"https:\/\/vaisonsport.com\/wp-content\/uploads\/2020\/06\/canam-ph-reservoir.png"},{"@type":"BreadcrumbList","@id":"https:\/\/vaisonsport.com\/reservoir\/can-am\/#breadcrumb","itemListElement":[{"@type":"ListItem","position":1,"name":"Accueil","item":"https:\/\/vaisonsport.com\/"},{"@type":"ListItem","position":2,"name":"R\u00e9servoir","item":"https:\/\/vaisonsport.com\/reservoir\/"},{"@type":"ListItem","position":3,"name":"CAN-AM"}]},{"@type":"WebSite","@id":"https:\/\/vaisonsport.com\/#website","url":"https:\/\/vaisonsport.com\/","name":"Vaison Sport","description":"","publisher":{"@id":"https:\/\/vaisonsport.com\/#organization"},"potentialAction":[{"@type":"SearchAction","target":{"@type":"EntryPoint","urlTemplate":"https:\/\/vaisonsport.com\/?s={search_term_string}"},"query-input":{"@type":"PropertyValueSpecification","valueRequired":true,"valueName":"search_term_string"}}],"inLanguage":"en-US"},{"@type":"Organization","@id":"https:\/\/vaisonsport.com\/#organization","name":"Vaison Sport","url":"https:\/\/vaisonsport.com\/","logo":{"@type":"ImageObject","inLanguage":"en-US","@id":"https:\/\/vaisonsport.com\/#\/schema\/logo\/image\/","url":"https:\/\/vaisonsport.com\/wp-content\/uploads\/2020\/06\/LOGO_VS_Normal_vectorized.png","contentUrl":"https:\/\/vaisonsport.com\/wp-content\/uploads\/2020\/06\/LOGO_VS_Normal_vectorized.png","width":250,"height":94,"caption":"Vaison Sport"},"image":{"@id":"https:\/\/vaisonsport.com\/#\/schema\/logo\/image\/"},"sameAs":["https:\/\/www.facebook.com\/VaisonSport\/","https:\/\/www.instagram.com\/vaison_sport\/","https:\/\/fr.linkedin.com\/company\/vaisonsport"]}]}},"_links":{"self":[{"href":"https:\/\/vaisonsport.com\/en\/wp-json\/wp\/v2\/pages\/671","targetHints":{"allow":["GET"]}}],"collection":[{"href":"https:\/\/vaisonsport.com\/en\/wp-json\/wp\/v2\/pages"}],"about":[{"href":"https:\/\/vaisonsport.com\/en\/wp-json\/wp\/v2\/types\/page"}],"author":[{"embeddable":true,"href":"https:\/\/vaisonsport.com\/en\/wp-json\/wp\/v2\/users\/1"}],"replies":[{"embeddable":true,"href":"https:\/\/vaisonsport.com\/en\/wp-json\/wp\/v2\/comments?post=671"}],"version-history":[{"count":9,"href":"https:\/\/vaisonsport.com\/en\/wp-json\/wp\/v2\/pages\/671\/revisions"}],"predecessor-version":[{"id":1280,"href":"https:\/\/vaisonsport.com\/en\/wp-json\/wp\/v2\/pages\/671\/revisions\/1280"}],"up":[{"embeddable":true,"href":"https:\/\/vaisonsport.com\/en\/wp-json\/wp\/v2\/pages\/352"}],"wp:attachment":[{"href":"https:\/\/vaisonsport.com\/en\/wp-json\/wp\/v2\/media?parent=671"}],"curies":[{"name":"wp","href":"https:\/\/api.w.org\/{rel}","templated":true}]}}